{"id":94,"date":"2021-07-08T15:26:01","date_gmt":"2021-07-08T13:26:01","guid":{"rendered":"http:\/\/bondkatten.se\/?page_id=94"},"modified":"2022-08-27T11:54:14","modified_gmt":"2022-08-27T09:54:14","slug":"hem","status":"publish","type":"page","link":"https:\/\/bondkatten.se\/","title":{"rendered":"Bondkatten har ett hem. Den f\u00e5ngar m\u00f6ss och r\u00e5ttor i stallar och uthus. Ungarna l\u00e4r f\u00f6r livet. Hj\u00e4lp oss att bevara en lantras."},"content":{"rendered":"\n<div class=\"wp-block-group\"><div class=\"wp-block-group__inner-container\">\n<div class=\"wp-block-group\"><div class=\"wp-block-group__inner-container\">\n<div class=\"wp-block-group\"><div class=\"wp-block-group__inner-container\">\n<div class=\"wp-block-group\"><div class=\"wp-block-group__inner-container\">\n<div class=\"wp-block-media-text alignwide has-media-on-the-right is-stacked-on-mobile is-vertically-aligned-top is-image-fill\"><figure class=\"wp-block-media-text__media\" style=\"background-image:url(https:\/\/bondkatten.se\/wp-content\/uploads\/2021\/07\/fri-katt-med-mus-1024x604.jpg);background-position:50% 50%\"><img loading=\"lazy\" width=\"1024\" height=\"604\" src=\"https:\/\/bondkatten.se\/wp-content\/uploads\/2021\/07\/fri-katt-med-mus-1024x604.jpg\" alt=\"Katt med mus\" class=\"wp-image-378 size-full\" srcset=\"https:\/\/bondkatten.se\/wp-content\/uploads\/2021\/07\/fri-katt-med-mus-1024x604.jpg 1024w, https:\/\/bondkatten.se\/wp-content\/uploads\/2021\/07\/fri-katt-med-mus-300x177.jpg 300w, https:\/\/bondkatten.se\/wp-content\/uploads\/2021\/07\/fri-katt-med-mus-768x453.jpg 768w, https:\/\/bondkatten.se\/wp-content\/uploads\/2021\/07\/fri-katt-med-mus.jpg 1200w\" sizes=\"(max-width: 1024px) 100vw, 1024px\" \/><\/figure><div class=\"wp-block-media-text__content\">\n<h2>Bondkatten<\/h2>\n\n\n\n<p>Det finns lantraser av olika djurslag. Precis som det finns fj\u00e4llkor, linder\u00f6dssvin och hedemorah\u00f6ns, s\u00e5 finns det lantraskatter. Svensk bondkatt \u00e4r namnet p\u00e5 v\u00e5r lantraskatt. Det \u00e4r en omtyckt, h\u00e4rdig och genetiskt mycket frisk ras som trots detta \u00e4r hotad till sin existens. <strong><br><\/strong><a href=\"https:\/\/bondkatten.se\/index.php\/bondkatten\/\">L\u00e4s mer<\/a><\/p>\n<\/div><\/div>\n\n\n\n<div class=\"wp-block-media-text alignwide is-stacked-on-mobile is-image-fill\"><figure class=\"wp-block-media-text__media\" style=\"background-image:url(https:\/\/bondkatten.se\/wp-content\/uploads\/2021\/07\/fri-kattmamma-unge-1024x683.jpg);background-position:50% 50%\"><img loading=\"lazy\" width=\"1024\" height=\"683\" src=\"https:\/\/bondkatten.se\/wp-content\/uploads\/2021\/07\/fri-kattmamma-unge-1024x683.jpg\" alt=\"Katt med unge\" class=\"wp-image-377 size-full\" srcset=\"https:\/\/bondkatten.se\/wp-content\/uploads\/2021\/07\/fri-kattmamma-unge-1024x683.jpg 1024w, https:\/\/bondkatten.se\/wp-content\/uploads\/2021\/07\/fri-kattmamma-unge-300x200.jpg 300w, https:\/\/bondkatten.se\/wp-content\/uploads\/2021\/07\/fri-kattmamma-unge-768x512.jpg 768w, https:\/\/bondkatten.se\/wp-content\/uploads\/2021\/07\/fri-kattmamma-unge.jpg 1200w\" sizes=\"(max-width: 1024px) 100vw, 1024px\" \/><\/figure><div class=\"wp-block-media-text__content\">\n<h2>Bevarandet<\/h2>\n\n\n\n<p>Vi bevarar i genbank. I dag finns bara ett tjugotal katter registrerade och rasen \u00e4r starkt utrotningshotad. Bondkatten \u00e4r ett nyttodjur. Dess inre egenskaper m\u00e5ste underh\u00e5llas om vi ska lyckas med bevarandearbetet. Den f\u00e5r g\u00e4rna komma in i stugan, men den m\u00e5ste ocks\u00e5 f\u00e5 vistas i en milj\u00f6 som stimulerar det naturliga beteende. <br><a href=\"https:\/\/bondkatten.se\/index.php\/bevarandet\/\">L\u00e4s mer<\/a><\/p>\n<\/div><\/div>\n\n\n\n<div class=\"wp-block-media-text alignwide has-media-on-the-right is-stacked-on-mobile is-image-fill\"><figure class=\"wp-block-media-text__media\" style=\"background-image:url(https:\/\/bondkatten.se\/wp-content\/uploads\/2021\/07\/fri-rod-katt.jpg);background-position:50% 50%\"><img loading=\"lazy\" width=\"586\" height=\"608\" src=\"https:\/\/bondkatten.se\/wp-content\/uploads\/2021\/07\/fri-rod-katt.jpg\" alt=\"R\u00f6d bondkatt utomhus\" class=\"wp-image-381 size-full\" srcset=\"https:\/\/bondkatten.se\/wp-content\/uploads\/2021\/07\/fri-rod-katt.jpg 586w, https:\/\/bondkatten.se\/wp-content\/uploads\/2021\/07\/fri-rod-katt-289x300.jpg 289w\" sizes=\"(max-width: 586px) 100vw, 586px\" \/><\/figure><div class=\"wp-block-media-text__content\">\n<h2>F\u00f6rening och annonser<\/h2>\n\n\n\n<p>F\u00f6reningens m\u00e5ls\u00e4ttning \u00e4r att v\u00e4rna om bondkatten i sin ursprungliga milj\u00f6 och anv\u00e4ndning. \u00c4r du intresserad av bondkatten som under l\u00e5ng tid \u00e4r anpassad och har anpassat sig har du kommit till r\u00e4tt f\u00f6rening. Hj\u00e4lp oss att bevara v\u00e5ra sista bondkatter! En annonssida \u00e4r under uppbyggnad<\/p>\n\n\n\n<p><a href=\"https:\/\/bondkatten.se\/index.php\/foreningen\/\">L\u00e4s mer<\/a><\/p>\n\n\n\n<p><a href=\"https:\/\/bondkatten.se\/index.php\/annonser\/\" title=\"https:\/\/bondkatten.se\/index.php\/annonser\/\">Annonser<\/a><\/p>\n<\/div><\/div>\n\n\n\n<div class=\"wp-block-media-text alignwide is-stacked-on-mobile is-image-fill\"><figure class=\"wp-block-media-text__media\" style=\"background-image:url(https:\/\/bondkatten.se\/wp-content\/uploads\/2021\/07\/fri-svartvit-katt.jpg);background-position:6% 56.00000000000001%\"><img loading=\"lazy\" width=\"960\" height=\"686\" src=\"https:\/\/bondkatten.se\/wp-content\/uploads\/2021\/07\/fri-svartvit-katt.jpg\" alt=\"Svartvit bondkatt utomhus\" class=\"wp-image-387 size-full\" srcset=\"https:\/\/bondkatten.se\/wp-content\/uploads\/2021\/07\/fri-svartvit-katt.jpg 960w, https:\/\/bondkatten.se\/wp-content\/uploads\/2021\/07\/fri-svartvit-katt-300x214.jpg 300w, https:\/\/bondkatten.se\/wp-content\/uploads\/2021\/07\/fri-svartvit-katt-768x549.jpg 768w\" sizes=\"(max-width: 960px) 100vw, 960px\" \/><\/figure><div class=\"wp-block-media-text__content\">\n<h2>Ansvar<\/h2>\n\n\n\n<p>Det \u00e4r varje katt\u00e4gares ansvar att f\u00f6lja g\u00e4llande regelverk, behandla sina djur v\u00e4l och skydda dem mot on\u00f6digt lidande. Man beh\u00f6ver inte bryta mot n\u00e5gra restriktioner f\u00f6r att man har sina katter l\u00f6sa ute &#8211; om man f\u00f6rhindrar oplanerad f\u00f6r\u00f6kning. Det finns olika s\u00e4tt att g\u00f6ra det p\u00e5.<br><a href=\"https:\/\/bondkatten.se\/index.php\/ansvar\/\">L\u00e4s mer<\/a><\/p>\n<\/div><\/div>\n<\/div><\/div>\n<\/div><\/div>\n<\/div><\/div>\n<\/div><\/div>\n\n\n\n<div class=\"wp-block-media-text alignwide has-media-on-the-right is-stacked-on-mobile\"><figure class=\"wp-block-media-text__media\"><img loading=\"lazy\" width=\"1024\" height=\"682\" src=\"https:\/\/bondkatten.se\/wp-content\/uploads\/2021\/07\/fri-svart-katt-1024x682.jpg\" alt=\"Svart katt\" class=\"wp-image-384 size-full\" srcset=\"https:\/\/bondkatten.se\/wp-content\/uploads\/2021\/07\/fri-svart-katt-1024x682.jpg 1024w, https:\/\/bondkatten.se\/wp-content\/uploads\/2021\/07\/fri-svart-katt-300x200.jpg 300w, https:\/\/bondkatten.se\/wp-content\/uploads\/2021\/07\/fri-svart-katt-768x512.jpg 768w, https:\/\/bondkatten.se\/wp-content\/uploads\/2021\/07\/fri-svart-katt.jpg 1280w\" sizes=\"(max-width: 1024px) 100vw, 1024px\" \/><\/figure><div class=\"wp-block-media-text__content\">\n<h2>Bilder<\/h2>\n\n\n\n<p>I v\u00e5rt bildgalleri finns bilder p\u00e5 b\u00e5de historiska och nu levande bondkatter.<br><a href=\"https:\/\/bondkatten.se\/index.php\/historik\/\">L\u00e4s <\/a><a href=\"https:\/\/bondkatten.se\/index.php\/bilder\/\">mer<\/a><\/p>\n<\/div><\/div>\n\n\n\n<div class=\"wp-block-media-text alignwide is-stacked-on-mobile is-image-fill\"><figure class=\"wp-block-media-text__media\" style=\"background-image:url(https:\/\/bondkatten.se\/wp-content\/uploads\/2021\/07\/fri-skoldpaddskatt.jpg);background-position:50% 50%\"><img loading=\"lazy\" width=\"605\" height=\"340\" src=\"https:\/\/bondkatten.se\/wp-content\/uploads\/2021\/07\/fri-skoldpaddskatt.jpg\" alt=\"Tref\u00e4rgad bondkatt\" class=\"wp-image-383 size-full\" srcset=\"https:\/\/bondkatten.se\/wp-content\/uploads\/2021\/07\/fri-skoldpaddskatt.jpg 605w, https:\/\/bondkatten.se\/wp-content\/uploads\/2021\/07\/fri-skoldpaddskatt-300x169.jpg 300w\" sizes=\"(max-width: 605px) 100vw, 605px\" \/><\/figure><div class=\"wp-block-media-text__content\">\n<h2>Bibliotek<\/h2>\n\n\n\n<p>Vill du f\u00f6rdjupa dina kunskaper \u00e4r du v\u00e4lkommen till v\u00e5rt bibliotek med vetenskapliga unders\u00f6kningar och intressanta artiklar och h\u00e4nvisningar om lantraser och framf\u00f6rallt om katter.<br><a href=\"https:\/\/bondkatten.se\/index.php\/bibliotek\/\">L\u00e4s mer<\/a><\/p>\n<\/div><\/div>\n","protected":false},"excerpt":{"rendered":"<p>Bilder I v\u00e5rt bildgalleri finns bilder p\u00e5 b\u00e5de historiska och nu levande bondkatter.L\u00e4s mer Bibliotek Vill du f\u00f6rdjupa dina kunskaper \u00e4r du v\u00e4lkommen till v\u00e5rt<\/p>\n","protected":false},"author":1,"featured_media":0,"parent":0,"menu_order":0,"comment_status":"closed","ping_status":"closed","template":"","meta":{"_monsterinsights_skip_tracking":false,"_monsterinsights_sitenote_active":false,"_monsterinsights_sitenote_note":"","_monsterinsights_sitenote_category":0,"ngg_post_thumbnail":0},"_links":{"self":[{"href":"https:\/\/bondkatten.se\/index.php\/wp-json\/wp\/v2\/pages\/94"}],"collection":[{"href":"https:\/\/bondkatten.se\/index.php\/wp-json\/wp\/v2\/pages"}],"about":[{"href":"https:\/\/bondkatten.se\/index.php\/wp-json\/wp\/v2\/types\/page"}],"author":[{"embeddable":true,"href":"https:\/\/bondkatten.se\/index.php\/wp-json\/wp\/v2\/users\/1"}],"replies":[{"embeddable":true,"href":"https:\/\/bondkatten.se\/index.php\/wp-json\/wp\/v2\/comments?post=94"}],"version-history":[{"count":132,"href":"https:\/\/bondkatten.se\/index.php\/wp-json\/wp\/v2\/pages\/94\/revisions"}],"predecessor-version":[{"id":1475,"href":"https:\/\/bondkatten.se\/index.php\/wp-json\/wp\/v2\/pages\/94\/revisions\/1475"}],"wp:attachment":[{"href":"https:\/\/bondkatten.se\/index.php\/wp-json\/wp\/v2\/media?parent=94"}],"curies":[{"name":"wp","href":"https:\/\/api.w.org\/{rel}","templated":true}]}}