{"id":78,"date":"2021-07-08T15:03:08","date_gmt":"2021-07-08T13:03:08","guid":{"rendered":"http:\/\/bondkatten.se\/?page_id=78"},"modified":"2024-05-29T19:59:55","modified_gmt":"2024-05-29T17:59:55","slug":"foreningen","status":"publish","type":"page","link":"https:\/\/bondkatten.se\/index.php\/foreningen\/","title":{"rendered":"F\u00f6reningen"},"content":{"rendered":"\n<p>Under v\u00e5ren 2019 inledde en intressegrupp arbetet med att bygga upp ett n\u00e4tverk f\u00f6r att kartl\u00e4gga och inventera den svenska lantraskatten, bland annat genom upprop i flera lantrastidningar. I juli 2020 bildades formellt Lantrasf\u00f6reningen Bondkatten, en rikst\u00e4ckande ideell f\u00f6rening. <\/p>\n\n\n\n<p>F\u00f6reningens syfte \u00e4r att bevara lantrasen Svensk bondkatt och v\u00e4rna om dess ursprungliga milj\u00f6 och anv\u00e4ndning. Dessutom ska f\u00f6reningen sprida information om och acceptans f\u00f6r den svenska bondkatten, fr\u00e4mja kontakten mellan djur\u00e4gare och ta initiativ till forskning.<\/p>\n\n\n\n<div class=\"wp-block-file\"><a href=\"https:\/\/bondkatten.se\/wp-content\/uploads\/2021\/07\/LFBKstadgar.pdf\"> Lantrasf\u00f6reningen Bondkattens stadgar<\/a><\/div>\n\n\n\n<h2>Styrelse<\/h2>\n\n\n\n<p>Ordinarie styrelse vald vid \u00e5rsm\u00f6tet 31\/5 2023<\/p>\n\n\n\n<p>Ordf\u00f6rande Ronny Olsson<\/p>\n\n\n\n<p>Ledamot Seija Tuomainen<\/p>\n\n\n\n<p>Ledamot Anna-Lena Andersson<\/p>\n\n\n\n<h2>Kontakta oss<\/h2>\n\n\n\n<p><\/p>\n\n\n\n<p><strong>Allm\u00e4nna fr\u00e5gor:<\/strong> kontakt@bondkatten.se<\/p>\n\n\n\n<p><strong>Medlemskap: <\/strong>medlem@bondkatten.se<\/p>\n\n\n\n<p><strong>Genbank:<\/strong> dokumentation@bondkatten.se<\/p>\n\n\n\n<p><strong>Ordf\u00f6rande<\/strong>: ordforande@bondkatten.se<\/p>\n\n\n\n<h2>V\u00e4lkommen som medlem<\/h2>\n\n\n\n<p>Du \u00e4r v\u00e4lkommen som medlem antingen du har en bondkatt, vill ha en bondkatt, vill leta upp en bondkatt eller bara vill att bondkatten ska f\u00e5 finnas kvar.<\/p>\n\n\n\n<p><strong>Medlemsavgift:<\/strong> 100 kronor per kalender\u00e5r <br><strong>Bankgironummer:<\/strong> 5606-1179 (Vi har inte Swish)<br>Ange din e-postadress n\u00e4r du betalar in.<\/p>\n\n\n\n<h2>N\u00e4tverk och nyhetsbrev<\/h2>\n\n\n\n<p>Som sympatiserande medlem blir du inbjuden till f\u00f6reningens slutna Facebook-grupp, d\u00e4r du f\u00e5r fortl\u00f6pande information om vad som h\u00e4nder i f\u00f6reningen och kontakt med andra medlemmar. Vi planerar ocks\u00e5 att ge ut ett eller tv\u00e5 nyhetsbrev per \u00e5r som PDF.<\/p>\n\n\n\n<p>Du kan vara med och bygga upp en levande genbank f\u00f6r att r\u00e4dda och bevara den gamla v\u00e4l anpassade   bondkatten innan den \u00e4r helt utrotad &#8211; korsad och kastrerad till d\u00f6ds. G\u00f6r vi ingenting nu \u00e4r den snart ett minne blott. Du kan hj\u00e4lpa till p\u00e5 tre s\u00e4tt:<\/p>\n\n\n\n<p>1. <strong>Vill du ha <\/strong>en bondkatt och \u00e4r beredd att l\u00e5ta den bli far eller mor till \u00e5tminstone n\u00e5gon kull ungar.<\/p>\n\n\n\n<p>2. <strong>Har du redan <\/strong>en bondkatt som du anser uppfyller v\u00e5ra <a href=\"https:\/\/bondkatten.se\/index.php\/bevarandet\/#kriterier\">kriterierna f\u00f6r bondkatt<\/a>? <\/p>\n\n\n\n<p>3. <strong>F\u00f6rs\u00f6k leta upp<\/strong> bondkatter som fortfarande lever i sin ursprungsmilj\u00f6. Kanske kan de ing\u00e5 i bevarandearbetet eller du kan k\u00f6pa loss n\u00e5gon eller n\u00e5gra hanterbara kattungar. Kan du inte ha dem sj\u00e4lv,  f\u00f6rs\u00f6ker vi placera dem. Generna beh\u00f6vs i genbanken.<\/p>\n\n\n\n<p>Du kan l\u00e4sa mer om detta under Bevarande h\u00e4r p\u00e5 hemsidan.<\/p>\n\n\n\n<h2><strong>Historien om avelsprogrammet<\/strong><\/h2>\n\n\n\n<p>Under fyra m\u00e5nader arbetade vi efter ett avelsprogram som var godk\u00e4nt av Jordbruksverket. V\u00e5ren 2021 tog Jordbruksverket tillbaka sitt beslut. Om det berodde p\u00e5 negativ kritik fr\u00e5n olika kattorganisationer eller n\u00e5got annat l\u00e5ter vi vara osagt. Ett avelsprogram \u00e4r utformat f\u00f6r h\u00e4st, n\u00f6tkreatur, f\u00e5r, get och svin enligt EU\u00b4s zooteknikf\u00f6rodning och inte f\u00f6r andra djurslag som fj\u00e4derf\u00e4, kanin och katt. Hur Jordbruksverket t\u00e4nker l\u00f6sa det problemet \u00e5terst\u00e5r att se.<\/p>\n\n\n\n<p>Avsnittet om katth\u00e5llning \u00e4r inget som normalt ing\u00e5r i ett avelsprogram, det la vi till p\u00e5 eget initiativ. Vi fick hj\u00e4lp av Jordbruksverkets djurskyddsavdelning som granskade och godk\u00e4nde det. Vi trodde att ett avelsprogram skulle vara en trygghet och ett st\u00f6d f\u00f6r f\u00f6reningen och lantraskatten. Men Jordbruksverket stod inte f\u00f6r sitt beslut och det blev precis tv\u00e4rtom. <\/p>\n\n\n\n<p><strong>Vi gjorde ett f\u00f6rs\u00f6k att bevara lantraskatten in situ. Det fick vi inte. Nu arbetar vi inte l\u00e4ngre med avelsprogrammet utan med en genbank d\u00e4r vi har kontroll p\u00e5 aveln.<\/strong><\/p>\n\n\n\n<h5>Historiska dokument g\u00e4llande avelsprogrammet<\/h5>\n\n\n\n<p>Vi publicerar h\u00e4r samtliga dokument, s\u00e5 den som \u00e4r intresserad sj\u00e4lv kan bilda sig en uppfattning:<\/p>\n\n\n\n<div class=\"wp-block-file\"><a href=\"https:\/\/bondkatten.se\/wp-content\/uploads\/2021\/07\/Bondkatten_avelsplan_2020-11-20_inkl-bilagor.pdf\" target=\"_blank\" rel=\"noreferrer noopener\">Avelsprogram med bilagorna rasram och katth\u00e5llning (2020-11-20)<\/a><\/div>\n\n\n\n<div class=\"wp-block-file\"><a href=\"https:\/\/bondkatten.se\/wp-content\/uploads\/2021\/07\/bondkatten-godkannande.pdf\" target=\"_blank\" rel=\"noreferrer noopener\">Jordbruksverkets godk\u00e4nnande av avelsprogrammet (2020-12-16)<\/a><\/div>\n\n\n\n<div class=\"wp-block-file\"><a href=\"https:\/\/bondkatten.se\/wp-content\/uploads\/2021\/07\/bondkatten-aterkallande.pdf\" target=\"_blank\" rel=\"noreferrer noopener\">Jordbruksverkets \u00e5terkallande av avelsprogrammet (2021-04-08)<\/a><\/div>\n","protected":false},"excerpt":{"rendered":"<p>Under v\u00e5ren 2019 inledde en intressegrupp arbetet med att bygga upp ett n\u00e4tverk f\u00f6r att kartl\u00e4gga och inventera den svenska lantraskatten, bland annat genom upprop<\/p>\n","protected":false},"author":1,"featured_media":0,"parent":0,"menu_order":0,"comment_status":"closed","ping_status":"closed","template":"","meta":{"_monsterinsights_skip_tracking":false,"_monsterinsights_sitenote_active":false,"_monsterinsights_sitenote_note":"","_monsterinsights_sitenote_category":0,"ngg_post_thumbnail":0},"_links":{"self":[{"href":"https:\/\/bondkatten.se\/index.php\/wp-json\/wp\/v2\/pages\/78"}],"collection":[{"href":"https:\/\/bondkatten.se\/index.php\/wp-json\/wp\/v2\/pages"}],"about":[{"href":"https:\/\/bondkatten.se\/index.php\/wp-json\/wp\/v2\/types\/page"}],"author":[{"embeddable":true,"href":"https:\/\/bondkatten.se\/index.php\/wp-json\/wp\/v2\/users\/1"}],"replies":[{"embeddable":true,"href":"https:\/\/bondkatten.se\/index.php\/wp-json\/wp\/v2\/comments?post=78"}],"version-history":[{"count":192,"href":"https:\/\/bondkatten.se\/index.php\/wp-json\/wp\/v2\/pages\/78\/revisions"}],"predecessor-version":[{"id":1508,"href":"https:\/\/bondkatten.se\/index.php\/wp-json\/wp\/v2\/pages\/78\/revisions\/1508"}],"wp:attachment":[{"href":"https:\/\/bondkatten.se\/index.php\/wp-json\/wp\/v2\/media?parent=78"}],"curies":[{"name":"wp","href":"https:\/\/api.w.org\/{rel}","templated":true}]}}