{"id":74,"date":"2021-07-08T14:57:45","date_gmt":"2021-07-08T12:57:45","guid":{"rendered":"http:\/\/bondkatten.se\/?page_id=74"},"modified":"2022-08-27T12:15:38","modified_gmt":"2022-08-27T10:15:38","slug":"bevarandet","status":"publish","type":"page","link":"https:\/\/bondkatten.se\/index.php\/bevarandet\/","title":{"rendered":"Bevarandet"},"content":{"rendered":"\n<p>Vi har f\u00f6ljande riktlinjer f\u00f6r bevarandearbetet: <\/p>\n\n\n\n<blockquote class=\"wp-block-quote\"><p>Svensk bondkatt \u00e4r en of\u00f6r\u00e4dlad lantras och ska bevaras som s\u00e5dan. Det inneb\u00e4r att den exteri\u00f6rt ska till\u00e5tas att variera inom rasram och att viktiga inre egenskaper som h\u00e4rdighet, motst\u00e5ndskraft, hanterbarhet, modersegenskaper och jaktinstinkt ska underh\u00e5llas genom ett f\u00f6rsiktigt avelsurval. <\/p><p>Den ska h\u00e5llas i lantlig milj\u00f6 d\u00e4r den ges m\u00f6jlighet till utevistelse och r\u00f6relsefrihet s\u00e5 den f\u00e5r utlopp f\u00f6r sina naturliga behov och beteenden, inklusive uppf\u00f6dning av sina ungar.<\/p><\/blockquote>\n\n\n\n<h4>Svenskt bevarandeansvar<\/h4>\n\n\n\n<p>Enligt konventionen om biologisk m\u00e5ngfald ansvarar varje land f\u00f6r att bevara sina inhemska husdjursraser. I Sverige \u00e4r det Jordbruksverket, i samr\u00e5d med en r\u00e5dgivande referensgrupp, som avg\u00f6r vilka raser Sverige har bevarandeansvar f\u00f6r. Det finns flera olika kriterier som m\u00e5ste vara uppfyllda och lantraskatten uppfyller samtliga. Sedan 2010 har Jordbruksverket ansett att Sverige har bevarandeansvar f\u00f6r den inhemska lantraskatten, men det har inte funnits n\u00e5gon f\u00f6rening som velat ta p\u00e5 sig det praktiska arbetet f\u00f6rr\u00e4n 2020, d\u00e5 v\u00e5r f\u00f6rening bildades. Bevarandet h\u00f6jer bondkattens v\u00e4rde och status.<\/p>\n\n\n\n<h4>L\u00e4get \u00e4r kritiskt och genbank har bildats<\/h4>\n\n\n\n<p><\/p>\n\n\n\n<p>Bondkattens situation var l\u00e4nge unik j\u00e4mf\u00f6rt med andra lantraser som r\u00e4ddades i sista stund. Bondkatten levde l\u00e4nge mitt ibland oss och vi hoppades kunna bevara den in situ med bred genetisk bas. Vi gjorde ett f\u00f6rs\u00f6k, men l\u00e4get var mycket v\u00e4rre \u00e4n vi kunde f\u00f6rest\u00e4lla oss. D\u00e4rf\u00f6r besl\u00f6t styrelsen den 16 mars 2022 att bilda genbank f\u00f6r lantrasen svensk bondkatt. Vi startade med 21 katter varav 9 var hanar och hoppas kunna ansluta fler founderdjur. F\u00f6rsta delm\u00e5let \u00e4r 100 katter i genbank. D\u00e5 g\u00e5r vi fr\u00e5n hotkategori &#8221;kritisk&#8221; till &#8221;hotad&#8221;. Och det ska vi v\u00e4l med gemensamma anstr\u00e4ngningar lyckas med?<\/p>\n\n\n\n<p>Avelsbasen minskar snabbt i och med att allt fler kastrerar sina katter. Dessutom f\u00f6r\u00e4ndras kattens livsmilj\u00f6. Dagens urbana milj\u00f6 ger inget utrymme f\u00f6r katten att leva som lantras. Dess inre egenskaper kan inte underh\u00e5llas om den endast f\u00e5r komma ut i koppel eller i en utebur. Lantrasen kan inte bevaras om alla \u00e4r kastrerade och den ska inte beh\u00f6va utrotas i f\u00f6rebyggande syfte. <\/p>\n\n\n\n<p>Grundtanken vid avel med lantraser \u00e4r att f\u00f6r\u00e4ndra s\u00e5 lite som m\u00f6jligt, till skillnad fr\u00e5n annan avel d\u00e4r man vill f\u00f6rb\u00e4ttra olika egenskaper eller uppn\u00e5 exteri\u00f6ra ideal. Att f\u00f6r\u00e4ndra s\u00e5 lite som m\u00f6jligt inneb\u00e4r inte en avsaknad av avelsm\u00e5l &#8211; snarare tv\u00e4rt om! De inre egenskaperna har arvbarhet och p\u00e5verkas av urval. F\u00f6r att en lantras ska forts\u00e4tta vara funktionell m\u00e5ste m\u00e5nga olika egenskaper underh\u00e5llas. Vi tar helt avst\u00e5nd fr\u00e5n exteri\u00f6ravel och kommer inte att arrangera n\u00e5gra utst\u00e4llningar.<\/p>\n\n\n\n<h3>A<strong>rv och milj\u00f6<\/strong> p\u00e5verkar<\/h3>\n\n\n\n<p>Det g\u00e4ller att h\u00e5lla djuren i en milj\u00f6 d\u00e4r de till\u00e5ts visa vad de g\u00e5r f\u00f6r. De flesta katter tar m\u00f6ss, men l\u00e5ngt ifr\u00e5n alla tar r\u00e5ttor. De flesta honkatter tar v\u00e4l hand om sina ungar, men inte alla. De flesta katter har god livskraft, men inte alla. F\u00f6r att skapa utrymme f\u00f6r urval efter funktion \u00e4r f\u00e4rg och teckning av underordnad betydelse. <\/p>\n\n\n\n<p>Kattungar pr\u00e4glas och l\u00e4r f\u00f6r livet. De ska om m\u00f6jligt v\u00e4xa upp tillsammans med mor, kullsyskon och helst \u00e4ven med andra katter och djur i 12-16 veckor. M\u00e5nga l\u00e4r sig jaga samma bytesdjur som sin mor. M\u00e5nga l\u00e4r sig l\u00e5ta bli kycklingar, ankungar och kaninungar om de tidigt kommer i kontakt med s\u00e5dana. V\u00e4nj kattungar vid hantering. Det underl\u00e4ttar sk\u00f6tsel och v\u00e5rd senare i livet.<\/p>\n\n\n\n<p><\/p>\n\n\n\n<h3>Vi bygger en genbank och letar<\/h3>\n\n\n\n<p>Vilken katt som helst blir inte en lantraskatt bara f\u00f6r att den f\u00f6r tillf\u00e4llet h\u00e5lls som stallkatt. Den m\u00e5ste ha en historisk bakgrund som lantras. Nu bygger vi en genbank som grundar sig p\u00e5 de founderdjur vi kan hitta.<\/p>\n\n\n\n<p>Det \u00e4r stammar d\u00e4r ingen eller ringa korsning med andra raser har skett som \u00e4r intressanta ur bevarandesynpunkt. Bondkatten har inte l\u00e4ngre sin givna plats p\u00e5 dagens stora g\u00e5rdar. Det \u00e4r i glesbygd och i sm\u00e5 byar man har st\u00f6rst chans att hitta de genuina lantraskatterna, ofta hos \u00e4ldre m\u00e4nniskor. Hj\u00e4lp oss att hitta dem s\u00e5 kan vi ansluta dem till genbanken om de uppfyller v\u00e5ra krav. Vi beh\u00f6ver generna i bevarandepopulationen.<\/p>\n\n\n\n<h3>Villkor f\u00f6r genbank<\/h3>\n\n\n\n<p>F\u00f6r att en katt ska kunna bli godk\u00e4nd i genbanken ska den ha k\u00e4nd h\u00e4rstamning och utseendem\u00e4ssigt h\u00e5lla sig inom rasram. H\u00e4rstamningen f\u00f6ljs tillbaka till founderdjuren. Den ska vara intakt, frisk och fri fr\u00e5n medf\u00f6dda defekter. F\u00f6r att ha kontroll p\u00e5 aveln utf\u00e4rdar f\u00f6reningen endast genbanksintyg f\u00f6r katter vars b\u00e5da f\u00f6r\u00e4ldrar \u00e4r inf\u00f6rda i f\u00f6reningens genbanksregister. Hittekatter utan k\u00e4nd bakgrund kan inte godk\u00e4nnas \u00e4ven om de ser ut som bondkatter.<\/p>\n","protected":false},"excerpt":{"rendered":"<p>Vi har f\u00f6ljande riktlinjer f\u00f6r bevarandearbetet: Svensk bondkatt \u00e4r en of\u00f6r\u00e4dlad lantras och ska bevaras som s\u00e5dan. Det inneb\u00e4r att den exteri\u00f6rt ska till\u00e5tas att<\/p>\n","protected":false},"author":1,"featured_media":0,"parent":0,"menu_order":0,"comment_status":"closed","ping_status":"closed","template":"","meta":{"_monsterinsights_skip_tracking":false,"_monsterinsights_sitenote_active":false,"_monsterinsights_sitenote_note":"","_monsterinsights_sitenote_category":0,"ngg_post_thumbnail":0},"_links":{"self":[{"href":"https:\/\/bondkatten.se\/index.php\/wp-json\/wp\/v2\/pages\/74"}],"collection":[{"href":"https:\/\/bondkatten.se\/index.php\/wp-json\/wp\/v2\/pages"}],"about":[{"href":"https:\/\/bondkatten.se\/index.php\/wp-json\/wp\/v2\/types\/page"}],"author":[{"embeddable":true,"href":"https:\/\/bondkatten.se\/index.php\/wp-json\/wp\/v2\/users\/1"}],"replies":[{"embeddable":true,"href":"https:\/\/bondkatten.se\/index.php\/wp-json\/wp\/v2\/comments?post=74"}],"version-history":[{"count":201,"href":"https:\/\/bondkatten.se\/index.php\/wp-json\/wp\/v2\/pages\/74\/revisions"}],"predecessor-version":[{"id":1442,"href":"https:\/\/bondkatten.se\/index.php\/wp-json\/wp\/v2\/pages\/74\/revisions\/1442"}],"wp:attachment":[{"href":"https:\/\/bondkatten.se\/index.php\/wp-json\/wp\/v2\/media?parent=74"}],"curies":[{"name":"wp","href":"https:\/\/api.w.org\/{rel}","templated":true}]}}