{"id":70,"date":"2021-07-08T14:52:13","date_gmt":"2021-07-08T12:52:13","guid":{"rendered":"http:\/\/bondkatten.se\/?page_id=70"},"modified":"2023-05-31T23:02:35","modified_gmt":"2023-05-31T21:02:35","slug":"bondkatten","status":"publish","type":"page","link":"https:\/\/bondkatten.se\/index.php\/bondkatten\/","title":{"rendered":"Bondkatten"},"content":{"rendered":"\n<p>S\u00e4g bondkatt och de flesta vet precis vilken typ av katt du menar. En helt vanlig katt. Vissa kallar den huskatt, andra blandraskatt. Det \u00e4r bland dessa katter vi hittar v\u00e5ra bevarandev\u00e4rda lantraskatter. L\u00e5t oss b\u00f6rja med att reda ut de olika begreppen:<\/p>\n\n\n\n<ul><li><strong>Huskatt<\/strong>: Fr\u00e5n b\u00f6rjan anv\u00e4ndes ordet huskatt med betydelsen tamkatt, allts\u00e5 motsatsen till vildkatt. Idag \u00e4r det en vanlig ben\u00e4mning p\u00e5 alla katter som inte \u00e4r stambokf\u00f6rda. \u00c4ven en &#8221;raskatt&#8221; utan stamtavla \u00e4r en huskatt enligt denna definition. Kattens utseende eller genetiska rastillh\u00f6righet spelar ingen roll.<\/li><li><strong>Bondkatt<\/strong>: En ben\u00e4mning som b\u00f6rjade anv\u00e4ndas p\u00e5 1800-talet i samband med att importerade raser blev vanligare. D\u00e5 b\u00f6rjade man, lite nedl\u00e5tande, kalla inhemska djur av lantras f\u00f6r bondraser; till exempel bondkatter, bondkaniner, bondh\u00f6ns, bondhundar och bondh\u00e4star.<\/li><\/ul>\n\n\n\n<p>De katter v\u00e5r f\u00f6rening vill bevara \u00e4r bondkatter, men inte vilka bondkatter som helst utan det lilla antal inom den st\u00f6rre gruppen som kan r\u00e4knas som lantras. Allts\u00e5 katter utan k\u00e4nd eller uppenbar inkorsning av annan ras, som har en k\u00e4nd bakgrund och koppling till exempel till en g\u00e5rd eller by sedan l\u00e5ng tid och som fortfarande h\u00e5lls som nyttodjur. <\/p>\n\n\n\n<p><strong>Lantraskatten \u00e4r med i Jordbruksverkets handlingsplan \u00f6ver husdjursraser med svenskt bevarandeansvar sedan 2010 och from 2023 under namnet Svensk bondkatt.<\/strong> (se vidare Bevarandet)<\/p>\n\n\n\n<h2>Katten som husdjur<\/h2>\n\n\n\n<p>Den svenska bondkatten har sina genetiska r\u00f6tter i de katter som f\u00f6r ungef\u00e4r 2 000 \u00e5r sedan kom till det vi i dag kallar Sverige. Redan under tidig medeltid var katten s\u00e5 vanlig att den betraktades som var mans egendom. <\/p>\n\n\n\n<p>Historiskt sett har m\u00e4nniskan haft mindre inflytande \u00f6ver katten \u00e4n \u00f6ver n\u00e5got annat husdjur. Relationen kan n\u00e4rmast beskrivas som ett symbiosf\u00f6rh\u00e5llande, d\u00e4r katten bidragit med skadedjursbek\u00e4mpning och i utbyte f\u00e5tt visst skydd och god tillg\u00e5ng p\u00e5 f\u00f6da i form av gnagare. Till skillnad fr\u00e5n andra husdjur har katten sj\u00e4lv f\u00e5tt sk\u00f6ta partnerval och f\u00f6r\u00f6kning. Kattens viktigaste uppgift har alltid varit att h\u00e5lla undan sm\u00e5gnagare, \u00e4ven om kattskinn f\u00f6rr anv\u00e4ndes som p\u00e4lsfoder till finare kl\u00e4der. <\/p>\n\n\n\n<h2>Vad \u00e4r en lantras?<\/h2>\n\n\n\n<p>Lantraserna har under l\u00e5ng tid, i m\u00e5nga fall tusentals \u00e5r, formats av sin lokala milj\u00f6 och av m\u00e4nniskornas krav och behov i ett sj\u00e4lvhush\u00e5llande samh\u00e4lle. De djur som klarade det naturliga urvalet gallrades sedan av m\u00e4nniskan utifr\u00e5n hanterbarhet, livskraft, utbyte och andra \u00f6nskem\u00e5l om djurens funktion. <\/p>\n\n\n\n<p>F\u00f6re \u00e5r 1860-70 bodde 90 % av Sveriges befolkning p\u00e5 landsbygden och var i princip sj\u00e4lvf\u00f6rs\u00f6rjande. Sedan \u00f6kade befolkningen och m\u00e5nga flyttade till st\u00e4derna. Jordbruket effektiviserades och mekaniserades och nya specialiserade raser importerades. Man b\u00f6rjade ocks\u00e5 anordna utst\u00e4llningar f\u00f6r b\u00e5de lantbruksdjur och s\u00e4llskapsdjur. Den organiserade aveln med inriktning p\u00e5 produktion och\/eller standardiserat utseende inleddes. <\/p>\n\n\n\n<p>Det vi idag kallar lantraser h\u00e4rstammar fr\u00e5n de djur som d\u00e5 redan fanns i landet och som inte ingick i detta avelsarbete. Enstaka djur har genom tiderna inf\u00f6rts fr\u00e5n andra trakter och l\u00e4nder, men i huvudsak \u00e4r lantraserna lokala raser utan sentida inkorsning av annan ras.<\/p>\n\n\n\n<blockquote class=\"wp-block-quote\"><p>Innan rasf\u00f6r\u00e4dlingen b\u00f6rjade, hade vi av alla v\u00e5ra husdjur s.k. lantraser. Begreppet lantras st\u00e5r i motsats till begreppet h\u00f6gkultiverad specialras. Hos lantraserna har denna ompr\u00e4gling icke skett i samma grad som hos specialraserna och framf\u00f6rallt \u00e4ro lantraserna mera m\u00e5ngformade \u00e4n specialraserna. Man torde kunna definiera begreppet lantras, att det \u00e4r en t\u00e4mligen primitiv husdjursras, som \u00e4nnu icke blivit f\u00f6rem\u00e5l f\u00f6r renavel i viss best\u00e4md riktning under str\u00e4ngt genomf\u00f6rt urval.<\/p><cite>Sven Ekman. 1938. Sveriges natur<\/cite><\/blockquote>\n\n\n\n<h3>F\u00f6r\u00e4dlade raser med lantrasursprung<\/h3>\n\n\n\n<p>En lantras \u00e4r of\u00f6r\u00e4dlad, allts\u00e5 inte speciellt avlad f\u00f6r ett sn\u00e4vt produktionsomr\u00e5de eller standardiserat utseende. Det  ing\u00e5r i sj\u00e4lva lantrasbegreppet. <\/p>\n\n\n\n<p>I kattv\u00e4rlden finns inga produktionsraser. D\u00e4remot finns utst\u00e4llningsraser som skapats med lantraskatter som grund, till exempel Europ\u00e9 och Norsk skogkatt. Dessa raser har lantrasursprung, men \u00e4r inte l\u00e4ngre lantraser eftersom de under l\u00e5ng tid avlats med ett standardiserat utseende som huvudm\u00e5l.  <\/p>\n\n\n\n<h2>Rasram f\u00f6r bondkatt<\/h2>\n\n\n\n<p>En rasram anv\u00e4nds f\u00f6r att beskriva en lantras. Det \u00e4r ingen standard utan en dokumentation av den variation som, utan k\u00e4nd eller uppenbar inkorsning av annan ras, hittills har kunnat dokumenteras. Den beskriver hur djuren kan se ut, inte hur de ska se ut.<\/p>\n\n\n\n<div class=\"wp-block-file\"><a href=\"https:\/\/bondkatten.se\/wp-content\/uploads\/2021\/07\/bondkatt_rasram.pdf\">Rasram f\u00f6r bondkatt<\/a><\/div>\n\n\n\n<h2>Sammanfattning<\/h2>\n\n\n\n<p><strong>En lantras:<\/strong><\/p>\n\n\n\n<ul><li>har sitt ursprung i de djur som fanns i landet innan den organiserade aveln inleddes<\/li><li>\u00e4r inte specialiserad<\/li><li>\u00e4r formad av det sj\u00e4lvhush\u00e5llande samh\u00e4llet och av sin lokala uppkomstmilj\u00f6<\/li><\/ul>\n","protected":false},"excerpt":{"rendered":"<p>S\u00e4g bondkatt och de flesta vet precis vilken typ av katt du menar. En helt vanlig katt. Vissa kallar den huskatt, andra blandraskatt. Det \u00e4r<\/p>\n","protected":false},"author":1,"featured_media":0,"parent":0,"menu_order":0,"comment_status":"closed","ping_status":"closed","template":"","meta":{"_monsterinsights_skip_tracking":false,"_monsterinsights_sitenote_active":false,"_monsterinsights_sitenote_note":"","_monsterinsights_sitenote_category":0,"ngg_post_thumbnail":0},"_links":{"self":[{"href":"https:\/\/bondkatten.se\/index.php\/wp-json\/wp\/v2\/pages\/70"}],"collection":[{"href":"https:\/\/bondkatten.se\/index.php\/wp-json\/wp\/v2\/pages"}],"about":[{"href":"https:\/\/bondkatten.se\/index.php\/wp-json\/wp\/v2\/types\/page"}],"author":[{"embeddable":true,"href":"https:\/\/bondkatten.se\/index.php\/wp-json\/wp\/v2\/users\/1"}],"replies":[{"embeddable":true,"href":"https:\/\/bondkatten.se\/index.php\/wp-json\/wp\/v2\/comments?post=70"}],"version-history":[{"count":145,"href":"https:\/\/bondkatten.se\/index.php\/wp-json\/wp\/v2\/pages\/70\/revisions"}],"predecessor-version":[{"id":1492,"href":"https:\/\/bondkatten.se\/index.php\/wp-json\/wp\/v2\/pages\/70\/revisions\/1492"}],"wp:attachment":[{"href":"https:\/\/bondkatten.se\/index.php\/wp-json\/wp\/v2\/media?parent=70"}],"curies":[{"name":"wp","href":"https:\/\/api.w.org\/{rel}","templated":true}]}}