{"id":110,"date":"2021-07-08T15:37:56","date_gmt":"2021-07-08T13:37:56","guid":{"rendered":"http:\/\/bondkatten.se\/?page_id=110"},"modified":"2021-08-15T12:24:40","modified_gmt":"2021-08-15T10:24:40","slug":"bibliotek","status":"publish","type":"page","link":"https:\/\/bondkatten.se\/index.php\/bibliotek\/","title":{"rendered":"Bibliotek"},"content":{"rendered":"\n<p>L\u00e4sv\u00e4rt om katter, lantraser och bevarande. <\/p>\n\n\n\n<h2>Historiska beskrivningar av tamkatten<\/h2>\n\n\n\n<p><strong>Skandinavisk fauna av Sven Nilsson<\/strong><br>F\u00f6rsta upplagan 1820. Sida 18-23 om tamkatten<br><a rel=\"noreferrer noopener\" href=\"https:\/\/books.google.se\/books?id=HbstAAAAYAAJ&amp;hl=sv&amp;source=gbs_navlinks_s\" target=\"_blank\">https:\/\/books.google.se\/books?id=HbstAAAAYAAJ&amp;hl=sv&amp;source=gbs_navlinks_s<\/a><\/p>\n\n\n\n<p><strong>Skandinavisk fauna av Sven Nilsson<\/strong><br>Andra omarbetade upplagan 1847. Sida 110-119 om tamkatten<br><a rel=\"noreferrer noopener\" href=\"https:\/\/books.google.se\/books?id=r5g-AAAAcAAJ&amp;hl=sv&amp;source=gbs_navlinks_s\" target=\"_blank\">https:\/\/books.google.se\/books?id=r5g-AAAAcAAJ&amp;hl=sv&amp;source=gbs_navlinks_s<\/a><\/p>\n\n\n\n<p><strong>Tamkattens h\u00e4rstamning<\/strong><br>ur Fauna och flora av Einar L\u00f6nnberg 1906. <br><a rel=\"noreferrer noopener\" href=\"http:\/\/runeberg.org\/faunaflora\/1906\/0019.html\" target=\"_blank\">http:\/\/runeberg.org\/faunaflora\/1906\/0019.html<\/a><\/p>\n\n\n\n<p><strong>Om tamkattens historia och beteende<\/strong><br>ur Djurens lif \/ D\u00e4ggdjurens lif av<strong> <\/strong>Alfred Edmund Brehm. Andra upplagan 1882<br><a rel=\"noreferrer noopener\" href=\"http:\/\/runeberg.org\/brehm\/daggdjur\/0143.html\" target=\"_blank\">http:\/\/runeberg.org\/brehm\/daggdjur\/0143.html<\/a><\/p>\n\n\n\n<h2>Kattens historia<\/h2>\n\n\n\n<p><strong>Ingen ordning, sa katten <\/strong><br>I Nordiska museets \u00e5rsbok Fataburen 1986 med underrubriken &#8221;Husdjuren och vi&#8221; finns m\u00e5nga bra artiklar. Terje Collings artikel inneh\u00e5ller bland annat historia, folktro och myter samt citat om katter ur h\u00e4lsinge-eposet Glysisvallur fr\u00e5n tidigt 1700-tal.<br><a rel=\"noreferrer noopener\" href=\"http:\/\/www.diva-portal.org\/smash\/get\/diva2:1304088\/FULLTEXT01.pdf\" target=\"_blank\">http:\/\/www.diva-portal.org\/smash\/get\/diva2:1304088\/FULLTEXT01.pdf<\/a><\/p>\n\n\n\n<p><strong>Katten \u2013 fr\u00e5n vilddjur till utst\u00e4llningsobjekt<\/strong><br>Av Emma Bergman, Popul\u00e4r Historia, 29 aug 2018.<br>Det skulle ta flera tusen \u00e5r f\u00f6r hus\u00adkatten att vandra fr\u00e5n Medel\u00adhavets sol till v\u00e5ra bredd\u00adgrader. V\u00e4l uppe i Norden fann den stug\u00adv\u00e4rme och mj\u00f6lk men \u00e4ven f\u00f6r\u00adf\u00f6ljelse och d\u00f6d. F\u00f6rst p\u00e5 1800-talet fick katten tassa in i de fina salongerna.<br><a rel=\"noreferrer noopener\" href=\"https:\/\/popularhistoria.se\/vardagsliv\/katten-fran-vilddjur-till-utstallningsobjekt\" target=\"_blank\">https:\/\/popularhistoria.se\/vardagsliv\/katten-fran-vilddjur-till-utstallningsobjekt<\/a><\/p>\n\n\n\n<p><strong>Kattens gener ber\u00e4ttar att den kom fr\u00e5n Egypten och Mellan\u00f6stern f\u00f6r flera tusen \u00e5r sedan<\/strong><br>I en ny studie av kattens arvsmassa har man slutit sig till att dagens tamkatter kom fr\u00e5n Egypten och Mellan\u00f6stern. Att de rimligen spreds via handelsv\u00e4gar och liknande, till b\u00e5de land och sj\u00f6ss. Och att en tydlig avel av katter uppkom sent i kattens domesticeringshistoria.<br><a rel=\"noreferrer noopener\" href=\"https:\/\/www.genteknik.se\/kattens-gener-berattar-att-den-kom-fran-egypten-och-mellanostern-for-flera-tusen-ar-sedan\/\" target=\"_blank\">https:\/\/www.genteknik.se\/kattens-gener-berattar-att-den-kom-fran-egypten-och-mellanostern-for-flera-tusen-ar-sedan\/<\/a><\/p>\n\n\n\n<p><strong>DNA reveals how cats achieved world domination<\/strong><br>Analysis of 9,000 years of cat remains suggests two waves of migration.<br><a href=\"https:\/\/www.sciencenews.org\/article\/dna-reveals-how-cats-achieved-world-domination\" target=\"_blank\" rel=\"noreferrer noopener\">https:\/\/www.sciencenews.org\/article\/dna-reveals-how-cats-achieved-world-domination<\/a><\/p>\n\n\n\n<h2>Forskning om katter<\/h2>\n\n\n\n<p><strong>Breed differences of heritable behaviour traits in cats<\/strong><br>I den h\u00e4r finska DNA-unders\u00f6kningen fr\u00e5n 2019 har man tittat p\u00e5 egenskaperna aktivitet, skygghet och aggressivitet. Den visar att dessa inre egenskaper har medelh\u00f6g till h\u00f6g arvbarhet. Extra intressant \u00e4r att en av de j\u00e4mf\u00f6rda populationerna var finska huskatter som motsvarade v\u00e5r definition av lantraskatt.<br><a rel=\"noreferrer noopener\" href=\"https:\/\/www.nature.com\/articles\/s41598-019-44324-x\" target=\"_blank\">https:\/\/www.nature.com\/articles\/s41598-019-44324-x<\/a><\/p>\n\n\n\n<p><strong>Annual variation in prey composition of domestic cats in rural and urban environment<\/strong><br>Rodents were the most common prey in both environments, but shrews and reptiles were killed by cats more often in the rural environment while birds (mainly sparrows and pigeons) were more common in the urban environment. Additionally, prey composition changed seasonally. The pooled number of vertebrates killed by cats was largest in September and lowest in January, and rodents were killed most often in September, shrews and birds in June, and reptiles in April. The seasonal variation in the prey composition of cats was relatively high in the rural environment and more stable in the urban environment.<br><a rel=\"noreferrer noopener\" href=\"https:\/\/link.springer.com\/article\/10.1007\/s11252-016-0634-1\" target=\"_blank\">https:\/\/link.springer.com\/article\/10.1007\/s11252-016-0634-1<\/a><\/p>\n\n\n\n<p><strong>Free-Ranging Farm Cats: Home Range Size and Predation on a Livestock Unit In Northwest Georgia<\/strong><br>We showed that while seasonal home range sizes for these cats remained relatively similar, diurnal and nocturnal home ranges were larger for reproductively intact cats. Feline scat analyses also showed that these cats hunted mainly native small mammals.<br><a rel=\"noreferrer noopener\" href=\"https:\/\/www.ncbi.nlm.nih.gov\/pmc\/articles\/PMC4403806\/\" target=\"_blank\">https:\/\/www.ncbi.nlm.nih.gov\/pmc\/articles\/PMC4403806\/<\/a><\/p>\n\n\n\n<p><strong>Factors determining the home ranges of pet cats<\/strong><br>Male pet cats had larger home ranges than females, desexing did not influence home range, and cats had larger home ranges when housing densities were low. The linear mixed models supported those results. They also indicated that animals \u2265 8 years old had smaller home ranges than younger cats. Cats fed regularly, provided with veterinary care and socialised with humans had similar home ranges to cats living in association with households but not provided for in some of these ways.<br><a href=\"https:\/\/www.sciencedirect.com\/science\/article\/abs\/pii\/S0006320716304888\" target=\"_blank\" rel=\"noreferrer noopener\">https:\/\/www.sciencedirect.com\/science\/article\/abs\/pii\/S0006320716304888<\/a><\/p>\n\n\n\n<h2>Kattens h\u00e4lsa<\/h2>\n\n\n\n<p><strong>Friskaste kattrasen<\/strong><br>F\u00f6rs\u00e4kringsbolaget AGRIA gjorde 2021 en unders\u00f6kning f\u00f6r att se vilken kattras som \u00e4r friskast och vilken som \u00e4r sjukast. Man tittade p\u00e5 antal veterin\u00e4rbes\u00f6k i procent av antal f\u00f6rs\u00e4krade katter. <a href=\"https:\/\/www.agria.se\/katt\/artiklar\/sjukdomar-och-skador\/har-ar-sveriges-friskaste-kattraser\/\">https:\/\/www.agria.se\/katt\/artiklar\/sjukdomar-och-skador\/har-ar-sveriges-friskaste-kattraser\/<\/a><\/p>\n\n\n\n<p><strong>Om kastrering och sterilisering<\/strong><br>F\u00f6rs\u00e4kringsbolaget MODERNA skrev 2020 om kastrering och sterilisering. Det finns flera olika anledningar till att man v\u00e4ljer att kastrera sin katt. En utekatt kastreras oftast f\u00f6r att undvika o\u00f6nskade dr\u00e4ktigheter. <br><a href=\"https:\/\/www.modernadjurforsakringar.se\/djurhalsa\/katt\/kastrering\/\">https:\/\/www.modernadjurforsakringar.se\/djurhalsa\/katt\/kastrering\/<\/a><\/p>\n\n\n\n<h2>Lagar och regler<\/h2>\n\n\n\n<p><strong>Lagar och regler om katter och katth\u00e5llning<\/strong><br>P\u00e5 den h\u00e4r sidan har Jordbruksverket samlat alla lagar, f\u00f6rordningar och f\u00f6reskrifter som r\u00f6r katter.<br><a href=\"https:\/\/jordbruksverket.se\/djur\/hastar-och-sallskapsdjur\/katter\/sa-skoter-du-din-katt#h-Forfattningar\" target=\"_blank\" rel=\"noreferrer noopener\">https:\/\/jordbruksverket.se\/djur\/hastar-och-sallskapsdjur\/katter\/sa-skoter-du-din-katt#h-Forfattningar<\/a><\/p>\n\n\n\n<p><strong>M\u00e4rkning och registrering av katter \u2013 ett f\u00f6rslag och dess konsekvenser<\/strong><br>I samband med att den nya djurskyddslagen utformades, togs ocks\u00e5 fr\u00e5gan om ett obligatoriskt krav p\u00e5 m\u00e4rkning och registrering av katter upp. Syftet med m\u00e4rkningen \u00e4r att \u00e5tg\u00e4rda problemet med heml\u00f6sa och \u00f6vergivna katter. 2019 publicerades en utredning av hur ett system f\u00f6r obligatorisk m\u00e4rkning och registrering av katter kan utformas, samt vilka konsekvenser ett s\u00e5dant krav medf\u00f6r. N\u00e5got beslut har \u00e4nnu inte fattats. Utredningen finns h\u00e4r <a href=\"https:\/\/www.regeringen.se\/rattsliga-dokument\/departementsserien-och-promemorior\/2019\/09\/markning-och-registrering-av-katter---ett-forslag-och-dess-konsekvenser\/\" target=\"_blank\" rel=\"noreferrer noopener\">https:\/\/www.regeringen.se\/rattsliga-dokument\/departementsserien-och-promemorior\/2019\/09\/markning-och-registrering-av-katter&#8212;ett-forslag-och-dess-konsekvenser\/<\/a><br>och h\u00e4r finns svaren fr\u00e5n de olika remiss-instanserna <a href=\"https:\/\/www.regeringen.se\/remisser\/2020\/01\/remiss-av-ds-201921-markning-och-registrering-av-katter--ett-forslag-och-dess-konsekvenser\/\" target=\"_blank\" rel=\"noreferrer noopener\">https:\/\/www.regeringen.se\/remisser\/2020\/01\/remiss-av-ds-201921-markning-och-registrering-av-katter&#8211;ett-forslag-och-dess-konsekvenser\/<\/a><\/p>\n\n\n\n<p><strong>F\u00f6rslag om obligatorisk m\u00e4rkning avslogs i Danmark<\/strong><br>I januari 2021 f\u00f6reslogs krav p\u00e5 obligatorisk m\u00e4rkning av katter f\u00f6r att minska trycket p\u00e5 katthemmen och f\u00e5 fler att m\u00e4rka sina katter. Folketinget ans\u00e5g inte att obligatorisk m\u00e4rkning l\u00f6ste problemet och f\u00f6rslaget avslogs. Ist\u00e4llet \u00e4ndrades lagen s\u00e5 att en upphittad, om\u00e4rkt katt f\u00e5r omh\u00e4ndertas av vem som helst, utan krav p\u00e5 att efters\u00f6ka \u00e4garen. \u00c4r katten m\u00e4rkt ska \u00e4garen underr\u00e4ttas inom 24 timmar och har sedan lika l\u00e5ng tid p\u00e5 sig att h\u00e4mta katten. H\u00e4mtas inte katten innan tidsfristen l\u00f6pt ut, blir den upphittarens egendom.<br><a rel=\"noreferrer noopener\" href=\"https:\/\/www.retsinformation.dk\/eli\/ft\/20201XX00549\" target=\"_blank\">https:\/\/www.retsinformation.dk\/eli\/ft\/20201XX00549<\/a><\/p>\n\n\n\n<p><strong>F\u00f6rslag om obligatorisk m\u00e4rkning av katter avslogs i Norge<\/strong><br>I mars 2020 behandlade Stortinget ett f\u00f6rslag om att inf\u00f6ra obligatorisk m\u00e4rkning av hundar och katter. F\u00f6r katter var motiveringen i f\u00f6rsta hand att m\u00e4rkning underl\u00e4ttar katthemmens arbete och g\u00f6r att fler katter kan \u00e5terf\u00f6renas med sina \u00e4gare. F\u00f6rslaget avslogs g\u00e4llande m\u00e4rkning av katt, med motiveringen att kostnaden skulle \u00f6verstiga nyttan. Ang\u00e5ende m\u00e4rkning av hundar f\u00f6reslogs att inv\u00e4nta resultat av en p\u00e5g\u00e5ende utredning.<br><a rel=\"noreferrer noopener\" href=\"https:\/\/www.stortinget.no\/no\/Saker-og-publikasjoner\/Publikasjoner\/Innstillinger\/Stortinget\/2019-2020\/inns-201920-206s\/\" target=\"_blank\">https:\/\/www.stortinget.no\/no\/Saker-og-publikasjoner\/Publikasjoner\/Innstillinger\/Stortinget\/2019-2020\/inns-201920-206s\/<\/a><\/p>\n\n\n\n<h2>Lantraser och bevarande<\/h2>\n\n\n\n<p><strong>Fristadsdeklarationen<\/strong><br>Fristadsdeklarationen skrevs 2016 och undertecknades av sju lantrasbevarande f\u00f6reningar. V\u00e5r f\u00f6rening var inte bildad vid denna tidpunkt, men vi delar de sju f\u00f6reningarnas \u00e5sikter. <br><a href=\"https:\/\/bondkatten.se\/wp-content\/uploads\/2021\/07\/fristadsdeklarationen_web.pdf\" target=\"_blank\" rel=\"noreferrer noopener\">https:\/\/bondkatten.se\/wp-content\/uploads\/2021\/07\/fristadsdeklarationen_web.pdf<\/a><\/p>\n\n\n\n<p><strong>Bevara, nyttja och utveckla &#8211; Jordbruksverkets handlingsplan f\u00f6r husdjursgenetiska resurser 2010-2020<\/strong><br>Handlingsplanen syftar till att \u00f6ka medvetenheten om betydelsen av de husdjursraser Sverige p\u00e5tagit sig ett ansvar f\u00f6r och visa hur ansvaret f\u00f6r och det praktiska arbetet med f\u00f6rvaltningen delas av m\u00e5nga akt\u00f6rer och intressenter.<br><a rel=\"noreferrer noopener\" href=\"https:\/\/webbutiken.jordbruksverket.se\/sv\/artiklar\/bevara-nyttja-och-utveckla.html\" target=\"_blank\">https:\/\/webbutiken.jordbruksverket.se\/sv\/artiklar\/bevara-nyttja-och-utveckla.html<\/a><\/p>\n\n\n\n<p><strong>Jordbruksverket samlingssida om svenska husdjursraser<\/strong><br>H\u00e4r finns l\u00e4nkar vidare till mer information om bevarande av husdjursraser b\u00e5de i Sverige och internationellt.<br><a href=\"https:\/\/jordbruksverket.se\/djur\/lantbruksdjur\/husdjursraser-och-avelsorganisationer\/husdjursraser\">https:\/\/jordbruksverket.se\/djur\/<\/a><a rel=\"noreferrer noopener\" href=\"https:\/\/jordbruksverket.se\/djur\/lantbruksdjur\/husdjursraser-och-avelsorganisationer\/husdjursraser\" target=\"_blank\">lantbruksdjur<\/a><a href=\"https:\/\/jordbruksverket.se\/djur\/lantbruksdjur\/husdjursraser-och-avelsorganisationer\/husdjursraser\">\/husdjursraser-och-avelsorganisationer\/husdjursraser<\/a><\/p>\n\n\n\n<p><strong>Bevarande av de svenska lantraserna, populationsgenetiska och molekyl\u00e4rgenetiska metoder<\/strong><br>Examensarbete av Sandra Magnusson fr\u00e5n 2010. Tabellen \u00f6ver raser p\u00e5 sidan 4 \u00e4r inte helt aktuell. G\u00e4ss saknas och raser har tillkommit och tagits bort. Aktuell lista finns i Jordbruksverkets handlingsplan.<br><a href=\"https:\/\/stud.epsilon.slu.se\/1916\/1\/magnusson_s_101012.pdf\">https:\/\/stud.epsilon.slu.se\/1916\/1\/magnusson_s_101012.pdf<\/a><\/p>\n\n\n\n<blockquote class=\"wp-block-quote\"><p>Det \u00e4r bland huskatterna vi har v\u00e5ra \u201dvanliga\u201d katter, bondkatter, ladug\u00e5rdskatter, blandraskatter mm. Det \u00e4r i denna grupp katter vi m\u00f6jligen kan hitta katternas motsvarighet till lantras. (&#8230;) En \u00f6nskan har framf\u00f6rts om att Jordbruksverket ska l\u00e5ta inventera Sverige p\u00e5 dessa lantraskatter, eftersom faran att det djurmaterialet f\u00f6rsvinner \u00e4r \u00f6verh\u00e4ngande med tanke p\u00e5 att sm\u00e5g\u00e5rdar f\u00f6rsvinner. Redan i dag finns bara 9 % av alla katter p\u00e5 g\u00e5rdar. Jordbruksverket har dock i dagsl\u00e4get inte f\u00f6r avsikt att l\u00e5ta initiera en s\u00e5dan inventering.<\/p><cite>Jordbruksverket. Utvecklingen av husdjursgenetiska resurser i Sverige 2006<\/cite><\/blockquote>\n","protected":false},"excerpt":{"rendered":"<p>L\u00e4sv\u00e4rt om katter, lantraser och bevarande. Historiska beskrivningar av tamkatten Skandinavisk fauna av Sven NilssonF\u00f6rsta upplagan 1820. Sida 18-23 om tamkattenhttps:\/\/books.google.se\/books?id=HbstAAAAYAAJ&amp;hl=sv&amp;source=gbs_navlinks_s Skandinavisk fauna av Sven<\/p>\n","protected":false},"author":1,"featured_media":0,"parent":0,"menu_order":0,"comment_status":"closed","ping_status":"closed","template":"","meta":{"_monsterinsights_skip_tracking":false,"_monsterinsights_sitenote_active":false,"_monsterinsights_sitenote_note":"","_monsterinsights_sitenote_category":0,"ngg_post_thumbnail":0},"_links":{"self":[{"href":"https:\/\/bondkatten.se\/index.php\/wp-json\/wp\/v2\/pages\/110"}],"collection":[{"href":"https:\/\/bondkatten.se\/index.php\/wp-json\/wp\/v2\/pages"}],"about":[{"href":"https:\/\/bondkatten.se\/index.php\/wp-json\/wp\/v2\/types\/page"}],"author":[{"embeddable":true,"href":"https:\/\/bondkatten.se\/index.php\/wp-json\/wp\/v2\/users\/1"}],"replies":[{"embeddable":true,"href":"https:\/\/bondkatten.se\/index.php\/wp-json\/wp\/v2\/comments?post=110"}],"version-history":[{"count":63,"href":"https:\/\/bondkatten.se\/index.php\/wp-json\/wp\/v2\/pages\/110\/revisions"}],"predecessor-version":[{"id":1353,"href":"https:\/\/bondkatten.se\/index.php\/wp-json\/wp\/v2\/pages\/110\/revisions\/1353"}],"wp:attachment":[{"href":"https:\/\/bondkatten.se\/index.php\/wp-json\/wp\/v2\/media?parent=110"}],"curies":[{"name":"wp","href":"https:\/\/api.w.org\/{rel}","templated":true}]}}